{"id":590,"date":"2023-04-03T15:52:40","date_gmt":"2023-04-03T15:52:40","guid":{"rendered":"https:\/\/margitszigetiszinhaz.hu\/en\/?page_id=590"},"modified":"2025-11-24T14:41:42","modified_gmt":"2025-11-24T14:41:42","slug":"margaret-island-theater","status":"publish","type":"page","link":"https:\/\/margitszigetiszinhaz.hu\/en\/margaret-island-theater\/","title":{"rendered":"Margaret Island\u2019s Open-Air Theater"},"content":{"rendered":"\n<p>Margaret Island Theater is the country\u2019s most exclusive open-air summer theater, located in the heart of Budapest and embraced by the Danube River, amid the stunning natural and man-made environment of Margaret Island.<\/p>\n\n\n\n<div><a href=\"https:\/\/margitszigetiszinhaz.hu\/en\/wp-content\/uploads\/2023\/04\/msz_2021_fotomontazs2.jpeg\" class=\"td-modal-image\"><figure class=\"wp-block-image size-full is-resized\"><img loading=\"lazy\" decoding=\"async\" src=\"https:\/\/margitszigetiszinhaz.hu\/en\/wp-content\/uploads\/2023\/04\/msz_2021_fotomontazs2.jpeg\" alt=\"Margaret Island Theater\" class=\"wp-image-594\" width=\"1068\" height=\"600\" srcset=\"https:\/\/margitszigetiszinhaz.hu\/en\/wp-content\/uploads\/2023\/04\/msz_2021_fotomontazs2.jpeg 2500w, https:\/\/margitszigetiszinhaz.hu\/en\/wp-content\/uploads\/2023\/04\/msz_2021_fotomontazs2-300x169.jpeg 300w, https:\/\/margitszigetiszinhaz.hu\/en\/wp-content\/uploads\/2023\/04\/msz_2021_fotomontazs2-1024x576.jpeg 1024w, https:\/\/margitszigetiszinhaz.hu\/en\/wp-content\/uploads\/2023\/04\/msz_2021_fotomontazs2-768x432.jpeg 768w, https:\/\/margitszigetiszinhaz.hu\/en\/wp-content\/uploads\/2023\/04\/msz_2021_fotomontazs2-1536x864.jpeg 1536w, https:\/\/margitszigetiszinhaz.hu\/en\/wp-content\/uploads\/2023\/04\/msz_2021_fotomontazs2-2048x1152.jpeg 2048w, https:\/\/margitszigetiszinhaz.hu\/en\/wp-content\/uploads\/2023\/04\/msz_2021_fotomontazs2-150x84.jpeg 150w, https:\/\/margitszigetiszinhaz.hu\/en\/wp-content\/uploads\/2023\/04\/msz_2021_fotomontazs2-696x391.jpeg 696w, https:\/\/margitszigetiszinhaz.hu\/en\/wp-content\/uploads\/2023\/04\/msz_2021_fotomontazs2-1068x601.jpeg 1068w, https:\/\/margitszigetiszinhaz.hu\/en\/wp-content\/uploads\/2023\/04\/msz_2021_fotomontazs2-1920x1080.jpeg 1920w, https:\/\/margitszigetiszinhaz.hu\/en\/wp-content\/uploads\/2023\/04\/msz_2021_fotomontazs2-747x420.jpeg 747w\" sizes=\"auto, (max-width: 1068px) 100vw, 1068px\" \/><\/figure><\/a><\/div>\n\n\n\n<p>With its iconic Water Tower in the courtyard, Margaret Island Theater is a top summer venue \u2013 not just for Budapest, but the whole country. It is also a significant tourist attraction with its commitment is to quality entertainment a program that reflects both cultural content and value.<\/p>\n\n\n\n<p>Built in 1938 with a capacity of nearly 3000 and equipped with its own dock, the Margaret Island Main Stage is home to Budapest\u2019s largest mixed-arts festival over the summer months.<\/p>\n\n\n\n<p>Running from May till August, The Margaret Island Summer Festival is the country\u2019s longest and most colorful cultural festival, appealing to local and international visitors alike, as well as every age group in the family, with more than 70 programs \u2013 mostly its own productions in a wide variety of genres.&nbsp;&nbsp;<\/p>\n\n\n\n<p>While permanent theatres are closed for the summer, Margaret Island Theater takes over the role of arts institutions and providers active during the season. The festival, with its vast array of programs on offer, ensures the continuity of the capital city\u2019s cultural life, bolstering Budapest\u2019s status and fame as a cultural capital and city for all seasons.&nbsp;<\/p>\n\n\n\n<p>Margaret Island\u2019s Open-Air Stage is the country\u2019s only (and, at the same time, its oldest) constructed open-air stage, which hosts epic, spectacular productions in the genes of opera, operetta, opera galas, ballet, contemporary dance, musicals, classical music, film music, jazz, pop, and crossover concerts, in addition to world and folk music.<\/p>\n\n\n\n<p>Throughout the main tourist season, we stage operas, musicals, dance and prose productions, as well as popular music, classical, symphonic, and jazz concerts, featuring the most outstanding musicians, artists, and companies from home and abroad.<\/p>\n\n\n\n<p>Margaret Island Theatre regularly collaborates with the country\u2019s most renown artistic institutions. Our partners include the Hungarian State Opera House, the National Philharmonic, Hungarian Radio\u2019s Music Ensembles, the Dohn\u00e1nyi Orchestra of Budafok, the Budapest Symphony Orchestra, the<em> <\/em>Danubia Orchestra of \u00d3buda, the National Theatre of Gy\u0151r, the National Theatre of Kecskem\u00e9t, the Pet\u0151fi Theatre of Veszpr\u00e9m, and the Danube Arts Society.<\/p>\n\n\n\n<p>Margaret Island Open-Air Stage is a venue where our country\u2019s celebrities and international stars can meet. In the years preceding the pandemic, we hosted an increasing number of foreign guests \u2013 both onstage and in our audience. We eagerly await their return.<\/p>\n\n\n\n<p>Here is a partial list of the local and international artists that we have hosted over the past years: Zolt\u00e1n Kocsis, Ferenc Sn\u00e9tberger, Andrea Rost, \u00c9va Mikl\u00f3sa, F\u00e9lix Lajk\u00f3, Gergely Kessely\u00e1k, G\u00e1bor Bretz, the Budapest Bar Band, Yuja Wang, Hilary Hahn, Boban Markovi\u010d, Ron Carter, Stanley Jordan, Stacey Kent, Les Ballets de Monte-Carlo, the Globe Theatre of London, the Bejart Ballet of Lausanne, the Ballet Maribori of Slovenia, the multiple Grammy Award-winning Soweto Gospel Choir, the Pink Martini ensemble, Buena Vista Social Club, and Elodie Fr\u00e9g\u00e9, as well as world-famous opera singers such as Piotr Beczala, Aida Garifullina, Erwin Schrott, B\u00e9atrice Uria Monzon, Maria Agresta, and Francesco Meli.&nbsp;<\/p>\n\n\n\n<p>Over the summer months, another cultural tourist attraction is the Water Tower, which operates as the Visual Art Gallery and a breathtaking look-out point.<\/p>\n\n\n\n<p>Considering all its attributes, assets, and advantages, Margaret Island Open-Air Stage is one of Central Europe\u2019s most gorgeous venues. In fulfillment of its mission, it is worthy of assuming its rightful place among the celebrated summer open-air theatres of the world such as Salzburg, Verona, M\u00f6rbisch<em>, <\/em>Chor\u00e9gies d&#8217;Orange, and Castell de<em> <\/em>Peralada.<\/p>\n\n\n\n<p>We cordially invite you to be our guest!&nbsp;<\/p>\n\n\n\n<p><\/p>\n","protected":false},"excerpt":{"rendered":"<p>Margaret Island Theater is the country\u2019s most exclusive open-air summer theater, located in the heart of Budapest and embraced by the Danube River, amid the stunning natural and man-made environment of Margaret Island. With its iconic Water Tower in the courtyard, Margaret Island Theater is a top summer venue \u2013 not just for Budapest, but [&hellip;]<\/p>\n","protected":false},"author":1,"featured_media":0,"parent":0,"menu_order":0,"comment_status":"closed","ping_status":"closed","template":"","meta":{"ngg_post_thumbnail":0,"footnotes":""},"class_list":["post-590","page","type-page","status-publish"],"yoast_head":"<title>Margaret Island\u2019s Open-Air Theater - Margitszigeti Szinh\u00e1z<\/title>\n<meta name=\"robots\" content=\"index, follow, max-snippet:-1, max-image-preview:large, max-video-preview:-1\" \/>\n<link rel=\"canonical\" href=\"https:\/\/margitszigetiszinhaz.hu\/en\/margaret-island-theater\/\" \/>\n<meta property=\"og:locale\" content=\"en_US\" \/>\n<meta property=\"og:type\" content=\"article\" \/>\n<meta property=\"og:title\" content=\"Margaret Island\u2019s Open-Air Theater - Margitszigeti Szinh\u00e1z\" \/>\n<meta property=\"og:description\" content=\"Margaret Island Theater is the country\u2019s most exclusive open-air summer theater, located in the heart of Budapest and embraced by the Danube River, amid the stunning natural and man-made environment of Margaret Island. With its iconic Water Tower in the courtyard, Margaret Island Theater is a top summer venue \u2013 not just for Budapest, but [&hellip;]\" \/>\n<meta property=\"og:url\" content=\"https:\/\/margitszigetiszinhaz.hu\/en\/margaret-island-theater\/\" \/>\n<meta property=\"og:site_name\" content=\"Margitszigeti Szinh\u00e1z\" \/>\n<meta property=\"article:modified_time\" content=\"2025-11-24T14:41:42+00:00\" \/>\n<meta property=\"og:image\" content=\"https:\/\/margitszigetiszinhaz.hu\/en\/wp-content\/uploads\/2023\/04\/msz_2021_fotomontazs2-1024x576.jpeg\" \/>\n\t<meta property=\"og:image:width\" content=\"1024\" \/>\n\t<meta property=\"og:image:height\" content=\"576\" \/>\n\t<meta property=\"og:image:type\" content=\"image\/jpeg\" \/>\n<meta name=\"twitter:card\" content=\"summary_large_image\" \/>\n<meta name=\"twitter:label1\" content=\"Est. reading time\" \/>\n\t<meta name=\"twitter:data1\" content=\"3 minutes\" \/>\n<script type=\"application\/ld+json\" class=\"yoast-schema-graph\">{\"@context\":\"https:\/\/schema.org\",\"@graph\":[{\"@type\":\"WebPage\",\"@id\":\"https:\/\/margitszigetiszinhaz.hu\/en\/margaret-island-theater\/\",\"url\":\"https:\/\/margitszigetiszinhaz.hu\/en\/margaret-island-theater\/\",\"name\":\"Margaret Island\u2019s Open-Air Theater - Margitszigeti Szinh\u00e1z\",\"isPartOf\":{\"@id\":\"https:\/\/margitszigetiszinhaz.hu\/en\/#website\"},\"primaryImageOfPage\":{\"@id\":\"https:\/\/margitszigetiszinhaz.hu\/en\/margaret-island-theater\/#primaryimage\"},\"image\":{\"@id\":\"https:\/\/margitszigetiszinhaz.hu\/en\/margaret-island-theater\/#primaryimage\"},\"thumbnailUrl\":\"https:\/\/margitszigetiszinhaz.hu\/en\/wp-content\/uploads\/2023\/04\/msz_2021_fotomontazs2.jpeg\",\"datePublished\":\"2023-04-03T15:52:40+00:00\",\"dateModified\":\"2025-11-24T14:41:42+00:00\",\"breadcrumb\":{\"@id\":\"https:\/\/margitszigetiszinhaz.hu\/en\/margaret-island-theater\/#breadcrumb\"},\"inLanguage\":\"en-US\",\"potentialAction\":[{\"@type\":\"ReadAction\",\"target\":[\"https:\/\/margitszigetiszinhaz.hu\/en\/margaret-island-theater\/\"]}]},{\"@type\":\"ImageObject\",\"inLanguage\":\"en-US\",\"@id\":\"https:\/\/margitszigetiszinhaz.hu\/en\/margaret-island-theater\/#primaryimage\",\"url\":\"https:\/\/margitszigetiszinhaz.hu\/en\/wp-content\/uploads\/2023\/04\/msz_2021_fotomontazs2.jpeg\",\"contentUrl\":\"https:\/\/margitszigetiszinhaz.hu\/en\/wp-content\/uploads\/2023\/04\/msz_2021_fotomontazs2.jpeg\"},{\"@type\":\"BreadcrumbList\",\"@id\":\"https:\/\/margitszigetiszinhaz.hu\/en\/margaret-island-theater\/#breadcrumb\",\"itemListElement\":[{\"@type\":\"ListItem\",\"position\":1,\"name\":\"Kezd\u0151lap\",\"item\":\"https:\/\/margitszigetiszinhaz.hu\/en\/\"},{\"@type\":\"ListItem\",\"position\":2,\"name\":\"Margaret Island\u2019s Open-Air Theater\"}]},{\"@type\":\"WebSite\",\"@id\":\"https:\/\/margitszigetiszinhaz.hu\/en\/#website\",\"url\":\"https:\/\/margitszigetiszinhaz.hu\/en\/\",\"name\":\"Margitszigeti Szinh\u00e1z\",\"description\":\"Egy \u00fajabb WordPress honlap\",\"potentialAction\":[{\"@type\":\"SearchAction\",\"target\":{\"@type\":\"EntryPoint\",\"urlTemplate\":\"https:\/\/margitszigetiszinhaz.hu\/en\/?s={search_term_string}\"},\"query-input\":{\"@type\":\"PropertyValueSpecification\",\"valueRequired\":true,\"valueName\":\"search_term_string\"}}],\"inLanguage\":\"en-US\"}]}<\/script>","yoast_head_json":{"title":"Margaret Island\u2019s Open-Air Theater - Margitszigeti Szinh\u00e1z","robots":{"index":"index","follow":"follow","max-snippet":"max-snippet:-1","max-image-preview":"max-image-preview:large","max-video-preview":"max-video-preview:-1"},"canonical":"https:\/\/margitszigetiszinhaz.hu\/en\/margaret-island-theater\/","og_locale":"en_US","og_type":"article","og_title":"Margaret Island\u2019s Open-Air Theater - Margitszigeti Szinh\u00e1z","og_description":"Margaret Island Theater is the country\u2019s most exclusive open-air summer theater, located in the heart of Budapest and embraced by the Danube River, amid the stunning natural and man-made environment of Margaret Island. With its iconic Water Tower in the courtyard, Margaret Island Theater is a top summer venue \u2013 not just for Budapest, but [&hellip;]","og_url":"https:\/\/margitszigetiszinhaz.hu\/en\/margaret-island-theater\/","og_site_name":"Margitszigeti Szinh\u00e1z","article_modified_time":"2025-11-24T14:41:42+00:00","og_image":[{"width":1024,"height":576,"url":"https:\/\/margitszigetiszinhaz.hu\/en\/wp-content\/uploads\/2023\/04\/msz_2021_fotomontazs2-1024x576.jpeg","type":"image\/jpeg"}],"twitter_card":"summary_large_image","twitter_misc":{"Est. reading time":"3 minutes"},"schema":{"@context":"https:\/\/schema.org","@graph":[{"@type":"WebPage","@id":"https:\/\/margitszigetiszinhaz.hu\/en\/margaret-island-theater\/","url":"https:\/\/margitszigetiszinhaz.hu\/en\/margaret-island-theater\/","name":"Margaret Island\u2019s Open-Air Theater - Margitszigeti Szinh\u00e1z","isPartOf":{"@id":"https:\/\/margitszigetiszinhaz.hu\/en\/#website"},"primaryImageOfPage":{"@id":"https:\/\/margitszigetiszinhaz.hu\/en\/margaret-island-theater\/#primaryimage"},"image":{"@id":"https:\/\/margitszigetiszinhaz.hu\/en\/margaret-island-theater\/#primaryimage"},"thumbnailUrl":"https:\/\/margitszigetiszinhaz.hu\/en\/wp-content\/uploads\/2023\/04\/msz_2021_fotomontazs2.jpeg","datePublished":"2023-04-03T15:52:40+00:00","dateModified":"2025-11-24T14:41:42+00:00","breadcrumb":{"@id":"https:\/\/margitszigetiszinhaz.hu\/en\/margaret-island-theater\/#breadcrumb"},"inLanguage":"en-US","potentialAction":[{"@type":"ReadAction","target":["https:\/\/margitszigetiszinhaz.hu\/en\/margaret-island-theater\/"]}]},{"@type":"ImageObject","inLanguage":"en-US","@id":"https:\/\/margitszigetiszinhaz.hu\/en\/margaret-island-theater\/#primaryimage","url":"https:\/\/margitszigetiszinhaz.hu\/en\/wp-content\/uploads\/2023\/04\/msz_2021_fotomontazs2.jpeg","contentUrl":"https:\/\/margitszigetiszinhaz.hu\/en\/wp-content\/uploads\/2023\/04\/msz_2021_fotomontazs2.jpeg"},{"@type":"BreadcrumbList","@id":"https:\/\/margitszigetiszinhaz.hu\/en\/margaret-island-theater\/#breadcrumb","itemListElement":[{"@type":"ListItem","position":1,"name":"Kezd\u0151lap","item":"https:\/\/margitszigetiszinhaz.hu\/en\/"},{"@type":"ListItem","position":2,"name":"Margaret Island\u2019s Open-Air Theater"}]},{"@type":"WebSite","@id":"https:\/\/margitszigetiszinhaz.hu\/en\/#website","url":"https:\/\/margitszigetiszinhaz.hu\/en\/","name":"Margitszigeti Szinh\u00e1z","description":"Egy \u00fajabb WordPress honlap","potentialAction":[{"@type":"SearchAction","target":{"@type":"EntryPoint","urlTemplate":"https:\/\/margitszigetiszinhaz.hu\/en\/?s={search_term_string}"},"query-input":{"@type":"PropertyValueSpecification","valueRequired":true,"valueName":"search_term_string"}}],"inLanguage":"en-US"}]}},"_links":{"self":[{"href":"https:\/\/margitszigetiszinhaz.hu\/en\/wp-json\/wp\/v2\/pages\/590","targetHints":{"allow":["GET"]}}],"collection":[{"href":"https:\/\/margitszigetiszinhaz.hu\/en\/wp-json\/wp\/v2\/pages"}],"about":[{"href":"https:\/\/margitszigetiszinhaz.hu\/en\/wp-json\/wp\/v2\/types\/page"}],"author":[{"embeddable":true,"href":"https:\/\/margitszigetiszinhaz.hu\/en\/wp-json\/wp\/v2\/users\/1"}],"replies":[{"embeddable":true,"href":"https:\/\/margitszigetiszinhaz.hu\/en\/wp-json\/wp\/v2\/comments?post=590"}],"version-history":[{"count":3,"href":"https:\/\/margitszigetiszinhaz.hu\/en\/wp-json\/wp\/v2\/pages\/590\/revisions"}],"predecessor-version":[{"id":1319,"href":"https:\/\/margitszigetiszinhaz.hu\/en\/wp-json\/wp\/v2\/pages\/590\/revisions\/1319"}],"wp:attachment":[{"href":"https:\/\/margitszigetiszinhaz.hu\/en\/wp-json\/wp\/v2\/media?parent=590"}],"curies":[{"name":"wp","href":"https:\/\/api.w.org\/{rel}","templated":true}]}}